{"id":48,"date":"2025-04-25T20:08:28","date_gmt":"2025-04-25T18:08:28","guid":{"rendered":"https:\/\/mariedigital88da11b0ee3.wordpress.com\/?page_id=36"},"modified":"2025-08-30T16:12:04","modified_gmt":"2025-08-30T14:12:04","slug":"a-propos","status":"publish","type":"page","link":"https:\/\/skedin.fr\/index.php\/a-propos\/","title":{"rendered":"\u00c0 propos"},"content":{"rendered":"<img loading=\"lazy\" decoding=\"async\" width=\"687\" height=\"1024\" src=\"https:\/\/skedin.fr\/wp-content\/uploads\/2025\/04\/lampe-design-mecanique-automood-skedin-1-687x1024.jpeg\" alt=\"lampe vintage\" srcset=\"https:\/\/skedin.fr\/wp-content\/uploads\/2025\/04\/lampe-design-mecanique-automood-skedin-1-687x1024.jpeg 687w, https:\/\/skedin.fr\/wp-content\/uploads\/2025\/04\/lampe-design-mecanique-automood-skedin-1-201x300.jpeg 201w, https:\/\/skedin.fr\/wp-content\/uploads\/2025\/04\/lampe-design-mecanique-automood-skedin-1-768x1146.jpeg 768w, https:\/\/skedin.fr\/wp-content\/uploads\/2025\/04\/lampe-design-mecanique-automood-skedin-1.jpeg 771w\" sizes=\"auto, (max-width: 687px) 100vw, 687px\" \/>\t\t\t\t\t\t\t\t\t\t\t\t\t\t\t\n\t\t\t\t\t<h2>Guillaume Qu\u00e9m\u00e9ner : le magicien de la m\u00e9canique et de la lumi\u00e8re<\/h2>\t\t\t\t\n\t\t<p>Loin de se contenter des outils classiques, Guillaume s\u2019attaque \u00e0 ce qui est souvent d\u00e9laiss\u00e9 : les <strong>pi\u00e8ces m\u00e9caniques recycl\u00e9es<\/strong>. Il y voit un potentiel immense, une <strong>seconde vie<\/strong> \u00e0 offrir \u00e0 chaque composant, pour les transformer en <strong>objets lumineux<\/strong>, uniques et d\u2019une rare \u00e9l\u00e9gance. C&rsquo;est de cette alchimie entre le m\u00e9tal brut et la lumi\u00e8re qu\u2019\u00e9merge <strong>Skedin\u00ae<\/strong>, sa marque de <strong>luminaires design<\/strong>.<\/p>\n<p><!-- \/wp:post-content --><!-- wp:paragraph {\"className\":\"\"} --><\/p>\n<p>Chaque<strong> lampe<\/strong> cr\u00e9\u00e9e par <strong>Skedin<\/strong> est un m\u00e9lange subtil de <strong>savoir-faire m\u00e9canique<\/strong> et de <strong>vision artistique<\/strong>. Guillaume ne se contente pas de <strong>produire des luminaires<\/strong> : il cr\u00e9e des<strong> sculptures lumineuses<\/strong> qui bousculent les codes du <strong>design traditionnel<\/strong>. Chaque pi\u00e8ce est une <strong>\u0153uvre d\u2019art<\/strong>, alliant robustesse, esth\u00e9tique et originalit\u00e9.<\/p>\n<p><!-- \/wp:paragraph --><!-- wp:paragraph {\"className\":\"\"} --><\/p>\n<p>L\u2019approche de <strong>Skedin<\/strong> est r\u00e9solument contemporaine, mais toujours ancr\u00e9e dans l\u2019authenticit\u00e9 de la <strong>m\u00e9canique<\/strong>.<\/p>\n<p>Chaque<strong> lampe<\/strong> est une invitation \u00e0 d\u00e9couvrir une nouvelle fa\u00e7on de voir la <strong>lumi\u00e8re<\/strong>, mais aussi \u00e0 appr\u00e9cier l&rsquo;histoire d&rsquo;un<strong> artisan<\/strong> qui a su transformer sa passion pour la <strong>m\u00e9canique<\/strong> en une v\u00e9ritable r\u00e9volution du design.<\/p>\n<p><!-- \/wp:paragraph --><!-- wp:paragraph {\"className\":\"\"} --><\/p>\n<p>En faisant na\u00eetre <strong>Skedin\u00ae<\/strong>, <strong>Guillaume Qu\u00e9m\u00e9ner<\/strong> a su allier son parcours atypique, sa passion pour les m\u00e9tiers manuels, et son amour de la lumi\u00e8re pour offrir au monde des <strong>cr\u00e9ations d\u2019exception<\/strong>.<\/p>\n<p>Du <strong>garage<\/strong> \u00e0 l\u2019<strong>\u0153uvre d&rsquo;art<\/strong>, il prouve qu&rsquo;une id\u00e9e brillante peut na\u00eetre l\u00e0 o\u00f9 on s\u2019y attend le moins.<\/p>\n<p>Il y a des cr\u00e9ateurs qui suivent des chemins trac\u00e9s, et puis il y a ceux qui en inventent un nouveau \u00e0 chaque pas. <strong>Guillaume Qu\u00e9m\u00e9ner<\/strong> fait incontestablement partie de cette deuxi\u00e8me cat\u00e9gorie. De <strong>m\u00e9canicien automobile<\/strong> \u00e0 <strong>cr\u00e9ateur de luminaires \u00e9coresponsables et uniques<\/strong>, son parcours est aussi original que les <strong>lampes<\/strong> qu&rsquo;il fabrique.\u00a0<\/p>\n<p>Ce n\u2019est pas un hasard si <strong>Skedin<\/strong>, son<strong> espace d\u00e9di\u00e9 \u00e0 l&rsquo;upcycling<\/strong> et \u00e0 la <strong>cr\u00e9ation de luminaires sur mesure<\/strong>, est devenu une r\u00e9f\u00e9rence pour les amateurs de <strong>design vintage<\/strong>, d&rsquo;<strong>art m\u00e9canique<\/strong> et de <strong>pi\u00e8ces uniques<\/strong>. La lumi\u00e8re qui \u00e9mane de ses cr\u00e9ations n\u2019est pas simplement celle d\u2019un objet utilitaire, mais celle d\u2019une passion, d\u2019un savoir-faire et d\u2019une vision artistique profond\u00e9ment ancr\u00e9e dans son parcours de vie.<\/p>\n<p><!-- \/wp:paragraph --><\/p>\t\t\n\t\t\t\t\t<h3>Un parcours hors du commun<\/h3>\t\t\t\t\n\t\t<p data-start=\"867\" data-end=\"1331\">Si <strong>Guillaume Qu\u00e9m\u00e9ner<\/strong> a commenc\u00e9 sa carri\u00e8re dans l\u2019univers de la m\u00e9canique automobile, il n\u2019a jamais \u00e9t\u00e9 du genre \u00e0 se contenter de t\u00e2ches routini\u00e8res. De l\u2019<strong>entretien<\/strong> aux <strong>r\u00e9parations<\/strong>, il a appris les subtilit\u00e9s des <strong>moteurs<\/strong> et des <strong>pi\u00e8ces de machines<\/strong>, affinant son expertise tout en cultivant un go\u00fbt profond pour le<strong> travail manuel<\/strong>. Au fil des ann\u00e9es, il a su assembler une <strong>technique<\/strong> irr\u00e9prochable, manipulant des mat\u00e9riaux divers avec une<strong> pr\u00e9cision<\/strong> presque <strong>m\u00e9caniqu<\/strong>e.<\/p>\n<p data-start=\"1333\" data-end=\"1978\">Mais, bien qu\u2019il ait \u00e9t\u00e9 form\u00e9 pour r\u00e9parer et faire fonctionner des <strong>moteurs<\/strong>, ce qui a toujours nourri son imaginaire, c&rsquo;est la <strong>transformation<\/strong>. Et cette capacit\u00e9 \u00e0 voir le potentiel cr\u00e9atif d\u2019un objet en apparence ordinaire est ce qui va changer toute sa carri\u00e8re. En parall\u00e8le de son activit\u00e9 de <strong>m\u00e9canicien<\/strong>, <strong>Guillaume<\/strong> a commenc\u00e9 \u00e0 imaginer de nouveaux usages pour les pi\u00e8ces qu\u2019il manipulait au quotidien : des <strong>roues de moto<\/strong>, des<strong> \u00e9l\u00e9ments de moteurs<\/strong>, des<strong> vis<\/strong>, des <strong>pignons<\/strong>\u2026 Au lieu de les jeter, il les regardait diff\u00e9remment. Il voyait dans chaque morceau de m\u00e9tal, chaque composant us\u00e9, une <strong>histoire \u00e0 raconter<\/strong> et une nouvelle forme \u00e0 r\u00e9v\u00e9ler.<\/p>\n<p data-start=\"1980\" data-end=\"2308\">Ce sont ces \u00e9l\u00e9ments, ces \u00ab\u00a0d\u00e9chets\u00a0\u00bb de la m\u00e9canique, qui vont devenir la <strong>mati\u00e8re premi\u00e8re de ses cr\u00e9ations<\/strong>. Ce qui commence par une <strong>simple lampe<\/strong> devient alors une <strong>v\u00e9ritable \u0153uvre d\u2019art<\/strong>, un hommage \u00e0 la <strong>m\u00e9canique<\/strong>, \u00e0 l\u2019artisanat, mais aussi \u00e0 l\u2019environnement, \u00e0 l\u2019<strong>upcycling<\/strong> et \u00e0 la beaut\u00e9 qui peut surgir d\u2019un objet en fin de vie.<\/p>\t\t\n\t\t\t\t\t<h3>Skedin : le mariage parfait entre l\u2019art et la m\u00e9canique<\/h3>\t\t\t\t\n\t\t\t\t\t\t\t\t\t\t\t\t<figure>\n\t\t\t\t\t\t\t\t\t\t\t<a href=\"https:\/\/skedin.fr\/wp-content\/uploads\/2025\/04\/luminaires-upcycling-2.jpg\" data-elementor-open-lightbox=\"yes\" data-elementor-lightbox-title=\"luminaires-upcycling\" data-elementor-lightbox-description=\"Luminaires design\" data-e-action-hash=\"#elementor-action%3Aaction%3Dlightbox%26settings%3DeyJpZCI6NTIsInVybCI6Imh0dHA6XC9cL3NrZWRpbi5mclwvd3AtY29udGVudFwvdXBsb2Fkc1wvMjAyNVwvMDRcL2x1bWluYWlyZXMtdXBjeWNsaW5nLTIuanBnIn0%3D\">\n\t\t\t\t\t\t\t<img loading=\"lazy\" decoding=\"async\" width=\"768\" height=\"512\" src=\"https:\/\/skedin.fr\/wp-content\/uploads\/2025\/04\/luminaires-upcycling-2-768x512.jpg\" alt=\"luminaires upcycling\" srcset=\"https:\/\/skedin.fr\/wp-content\/uploads\/2025\/04\/luminaires-upcycling-2-768x512.jpg 768w, https:\/\/skedin.fr\/wp-content\/uploads\/2025\/04\/luminaires-upcycling-2-300x200.jpg 300w, https:\/\/skedin.fr\/wp-content\/uploads\/2025\/04\/luminaires-upcycling-2-1024x683.jpg 1024w, https:\/\/skedin.fr\/wp-content\/uploads\/2025\/04\/luminaires-upcycling-2-1536x1024.jpg 1536w, https:\/\/skedin.fr\/wp-content\/uploads\/2025\/04\/luminaires-upcycling-2.jpg 1728w\" sizes=\"auto, (max-width: 768px) 100vw, 768px\" \/>\t\t\t\t\t\t\t\t<\/a>\n\t\t\t\t\t\t\t\t\t\t\t<figcaption><\/figcaption>\n\t\t\t\t\t\t\t\t\t\t<\/figure>\n\t\t<p data-start=\"2375\" data-end=\"2939\"><strong>Skedin<\/strong> est bien plus qu\u2019un site de <strong>vente de lampes vintage<\/strong>. C\u2019est le reflet d\u2019une philosophie profond\u00e9ment <strong>respectueuse de l\u2019environnement<\/strong> et d\u2019une vision artistique audacieuse. C\u2019est ici que <strong>Guillaume<\/strong> transforme ses <strong>pi\u00e8ces m\u00e9caniques<\/strong> en <strong>luminaires uniques<\/strong>, qui m\u00ealent <strong>esth\u00e9tique r\u00e9tro<\/strong> et<strong> touches industrielles<\/strong>. Chaque <strong>lampe<\/strong> est une invitation \u00e0 d\u00e9couvrir un monde o\u00f9 la cr\u00e9ativit\u00e9 ne conna\u00eet pas de fronti\u00e8res, et o\u00f9 chaque objet raconte une histoire. Un voyage, une \u00e9motion, une rencontre entre des <strong>pi\u00e8ces de voiture<\/strong> et de <strong>moto<\/strong>, une <strong>lampe<\/strong> et son propri\u00e9taire.<\/p>\n<p data-start=\"2941\" data-end=\"3556\">\u00c0 travers son travail, <strong>Guillaume Qu\u00e9m\u00e9ner<\/strong> souhaite remettre en lumi\u00e8re l\u2019importance du<strong> recyclage<\/strong> et de l\u2019<strong>artisanat<\/strong>. Ses <strong>luminaires<\/strong>, qu\u2019ils soient faits <strong>sur mesure<\/strong> ou pr\u00e9-r\u00e9alis\u00e9s, t\u00e9moignent de cette<strong> d\u00e9marche durable et \u00e9thique<\/strong>. Mais ils sont aussi l\u2019expression d\u2019un <strong>savoir-faire technique exceptionnel<\/strong>. Loin des<strong> productions industrielles standardis\u00e9es<\/strong>, chaque <strong>lampe Skedin<\/strong> est une pi\u00e8ce unique, cr\u00e9\u00e9e \u00e0 la main, et pens\u00e9e dans les moindres d\u00e9tails. Pi\u00e8ce par pi\u00e8ce, <strong>Guillaume<\/strong> assemble, ajuste et transforme chaque \u00e9l\u00e9ment, donnant une <strong>nouvelle vie<\/strong> \u00e0 des mat\u00e9riaux qui auraient autrement \u00e9t\u00e9 rel\u00e9gu\u00e9s \u00e0 la poubelle.<\/p>\t\t\n\t\t\t\t\t<h3>Les luminaires Skedin : quand la m\u00e9canique rencontre l\u2019art<\/h3>\t\t\t\t\n\t\t<p data-start=\"3623\" data-end=\"4059\">Un regard sur l\u2019une des <strong>lampes r\u00e9tro<\/strong> de<strong> Skedin<\/strong>, et vous comprendrez tout de suite : il ne s\u2019agit pas simplement de lumi\u00e8re, mais d\u2019une <strong>forme d\u2019art m\u00e9canique<\/strong>, o\u00f9 chaque pi\u00e8ce a une \u00e2me. Que ce soit une <strong>lampe murale<\/strong> fabriqu\u00e9e \u00e0 partir de <strong>pi\u00e8ces de moteur de moto<\/strong>, une <strong>suspension inspir\u00e9e d\u2019une roue de v\u00e9lo<\/strong> <strong>ancien<\/strong>, ou une<strong> lampe de bureau int\u00e9grant des roulements \u00e0 billes en acier<\/strong>, chaque cr\u00e9ation est une <strong>prouesse technique<\/strong> et une <strong>\u0153uvre d\u2019art<\/strong>.<\/p>\n<p data-start=\"4061\" data-end=\"4619\">Prenons l&rsquo;exemple d\u2019une <strong>lampe sur pied<\/strong> nomm\u00e9e \u00ab\u00a0<a href=\"https:\/\/skedin.fr\/index.php\/2025\/08\/30\/lampe-vintage-5eme-art\/?preview_id=469&amp;preview_nonce=b9296ddaaf&amp;preview=true\"><strong>Cinqui\u00e8me Art<\/strong><\/a>\u00ab\u00a0. Ce mod\u00e8le a \u00e9t\u00e9 imagin\u00e9 \u00e0 partir d\u2019une <strong>vieille cam\u00e9ra<\/strong>, qui avait perdu son \u00e9clat avec le temps. <strong>Guillaume<\/strong> a d\u00e9cid\u00e9 de lui donner une <strong>seconde vie<\/strong>, tout en gardant l\u2019essence de son pass\u00e9 m\u00e9canique. Il a m\u00e9ticuleusement <strong>nettoy\u00e9<\/strong>, <strong>restaur\u00e9<\/strong> et <strong>transform\u00e9<\/strong> la <strong>cam\u00e9ra d&rsquo;\u00e9poque<\/strong>, pour en faire une <strong>lampe sur pied unique au monde<\/strong>. Une <strong>ampoule vintage<\/strong> vient accentuer la texture patin\u00e9e du m\u00e9tal, cr\u00e9ant un jeu d\u2019ombres fascinant. Le r\u00e9sultat est \u00e0 la fois <strong>r\u00e9tro<\/strong> et <strong>moderne<\/strong>, <strong>industriel<\/strong> et <strong>chic<\/strong>, un parfait m\u00e9lange des genres.<\/p>\n<p data-start=\"4621\" data-end=\"5193\">\u00c0 chaque <strong>lampe<\/strong>, une histoire. \u00c0 chaque cr\u00e9ation, une nouvelle aventure. Chaque objet que <strong>Guillaume<\/strong> choisit de recycler poss\u00e8de une personnalit\u00e9, et c\u2019est cette personnalit\u00e9 qu\u2019il fait ressortir dans ses luminaires. Il imagine ses lampes non seulement comme des sources de lumi\u00e8re, mais aussi comme des <strong>pi\u00e8ces de design<\/strong> capables de transformer un espace. Que vous choisissiez une <strong>lampe \u00e0 poser<\/strong> ou une <strong>suspension<\/strong>, chaque mod\u00e8le est une invitation \u00e0 l\u2019introspection et \u00e0 la contemplation. L\u2019<strong>upcycling<\/strong> n\u2019est pas seulement un<strong> choix \u00e9thique<\/strong>, il devient une <strong>d\u00e9marche artistique<\/strong>.<\/p>\t\t\n\t\t\t\t\t<h3>Une passion pour l&rsquo;innovation et le voyage<\/h3>\t\t\t\t\n\t\t<p data-start=\"5244\" data-end=\"5817\">L\u2019inspiration de <strong>Guillaume<\/strong> ne vient pas seulement de ses <strong>connaissances techniques<\/strong> ou de son <strong>amour pour la m\u00e9canique<\/strong>.<\/p>\n<p data-start=\"5244\" data-end=\"5817\">Ses <strong>voyages<\/strong> \u00e0 travers le monde sont aussi une grande source de cr\u00e9ativit\u00e9. Qu\u2019il se trouve dans les ruelles d\u2019une vieille ville d&rsquo;Italie ou dans un atelier de forge en Asie, chaque rencontre, chaque paysage et chaque culture viennent nourrir son imaginaire.<\/p>\n<p data-start=\"5244\" data-end=\"5817\">L\u2019<strong>upcycling<\/strong>, pour lui, c\u2019est aussi une mani\u00e8re de tisser des liens entre diff\u00e9rentes cultures et diff\u00e9rentes \u00e9poques, en m\u00e9langeant des mat\u00e9riaux d\u2019horizons divers pour cr\u00e9er des <strong>objets intemporels<\/strong>.<\/p>\n<p data-start=\"5819\" data-end=\"6143\"><strong>Guillaume<\/strong>, lorsqu\u2019il se rend dans un march\u00e9 d\u2019antiquit\u00e9s, n\u2019ach\u00e8te pas seulement un objet.<\/p>\n<p data-start=\"5819\" data-end=\"6143\">Il cherche <strong>l\u2019histoire derri\u00e8re l\u2019objet<\/strong>, il cherche \u00e0 savoir d\u2019o\u00f9 il vient, qui l\u2019a fabriqu\u00e9, et ce qu\u2019il pourrait en faire.<\/p>\n<p data-start=\"5819\" data-end=\"6143\">C\u2019est ce regard unique qui lui permet de <strong>transformer chaque mat\u00e9riau<\/strong> en quelque chose de pr\u00e9cieux et de rare.<\/p>\t\t\n\t\t\t\t\t<h3>Pourquoi choisir une lampe Skedin ?<\/h3>\t\t\t\t\n\t\t\t\t\t\t\t\t\t\t\t\t\t\t\t<img loading=\"lazy\" decoding=\"async\" width=\"600\" height=\"400\" src=\"https:\/\/skedin.fr\/wp-content\/uploads\/2025\/08\/piece-auto.jpg\" alt=\"\" srcset=\"https:\/\/skedin.fr\/wp-content\/uploads\/2025\/08\/piece-auto.jpg 600w, https:\/\/skedin.fr\/wp-content\/uploads\/2025\/08\/piece-auto-300x200.jpg 300w\" sizes=\"auto, (max-width: 600px) 100vw, 600px\" \/>\t\t\t\t\t\t\t\t\t\t\t\t\t\t\t\n\t\t\t\t\t<h4>Des cr\u00e9ations uniques<\/h4>\t\t\t\t\n\t\t<p>Chaque <strong>lampe Skedin<\/strong> est une <strong>pi\u00e8ce unique<\/strong>, con\u00e7ue sur mesure ou parmi une s\u00e9lection de mod\u00e8les limit\u00e9s.<\/p>\n<p>Chaque<strong> lampe<\/strong> est diff\u00e9rente, et chacune poss\u00e8de une \u00e2me. C\u2019est la garantie de poss\u00e9der une <strong>\u0153uvre originale<\/strong>, r\u00e9alis\u00e9e \u00e0 la main, qui apportera une touche authentique \u00e0 votre int\u00e9rieur.<\/p>\t\t\n\t\t\t\t\t<h4>Un engagement \u00e9thique<\/h4>\t\t\t\t\n\t\t<p>En choisissant une <strong>lampe Skedin<\/strong>, vous faites le choix d\u2019un produit respectueux de l\u2019environnement.<\/p>\n<p>L\u2019<strong>upcycling<\/strong> permet de redonner une vie nouvelle \u00e0 des mat\u00e9riaux qui auraient \u00e9t\u00e9 jet\u00e9s, tout en r\u00e9duisant l&#8217;empreinte \u00e9cologique de la<strong> production industrielle<\/strong>.<\/p>\t\t\n\t\t\t\t\t<h4>Une fabrication artisanale et durable<\/h4>\t\t\t\t\n\t\t<p data-start=\"6797\" data-end=\"7113\"><strong>Guillaume Qu\u00e9m\u00e9ner<\/strong> n\u2019utilise que des <strong>mat\u00e9riaux de qualit\u00e9<\/strong>, soigneusement choisis, pour <strong>fabriquer ses luminaires<\/strong>.<\/p>\n<p data-start=\"6797\" data-end=\"7113\">La durabilit\u00e9 est au c\u0153ur de sa d\u00e9marche.<\/p>\n<p data-start=\"6797\" data-end=\"7113\">Ses<strong> lampes<\/strong> sont con\u00e7ues pour durer, tant par la qualit\u00e9 de leur <strong>fabrication<\/strong> que par la singularit\u00e9 de leur<strong> design<\/strong>.<\/p>\t\t\n\t\t\t\t\t<h4>Un style intemporel<\/h4>\t\t\t\t\n\t\t<p>Que vous soyez un amateur de <strong>design industriel<\/strong>, de <strong>style vintage<\/strong> ou de <strong>d\u00e9coration \u00e9coresponsable<\/strong>, les <strong>luminaires Skedin\u00ae<\/strong> sauront s\u2019adapter \u00e0 tous les types d\u2019int\u00e9rieurs.<\/p>\n<p>Leur <strong>m\u00e9lange d\u2019\u00e9l\u00e9ments m\u00e9caniques<\/strong> et d\u2019<strong>objets recycl\u00e9s<\/strong> leur conf\u00e8re une esth\u00e9tique unique et intemporelle.<\/p>\t\t\n\t\t\t\t\t<h4>Une lumi\u00e8re diff\u00e9rente<\/h4>\t\t\t\t\n\t\t<p>Au-del\u00e0 de leur fonction pratique, les <strong>lampes Skedin\u00ae<\/strong> sont aussi des objets qui cr\u00e9ent une ambiance particuli\u00e8re. Leur lumi\u00e8re douce et chaleureuse, associ\u00e9e \u00e0 des <strong>mat\u00e9riaux bruts<\/strong> ou patin\u00e9s, cr\u00e9e un jeu d&rsquo;ombres et de lumi\u00e8re fascinant, qui transforme votre espace en un lieu de contemplation et de cr\u00e9ativit\u00e9.<\/p>\t\t\n\t\t\t\t\t<h3>Un avenir lumineux<\/h3>\t\t\t\t\n\t\t\t\t\t\t\t\t\t\t\t\t\t\t\t<img loading=\"lazy\" decoding=\"async\" width=\"626\" height=\"626\" src=\"https:\/\/skedin.fr\/wp-content\/uploads\/2025\/08\/ampoule-vintage.jpg\" alt=\"\" srcset=\"https:\/\/skedin.fr\/wp-content\/uploads\/2025\/08\/ampoule-vintage.jpg 626w, https:\/\/skedin.fr\/wp-content\/uploads\/2025\/08\/ampoule-vintage-300x300.jpg 300w, https:\/\/skedin.fr\/wp-content\/uploads\/2025\/08\/ampoule-vintage-150x150.jpg 150w\" sizes=\"auto, (max-width: 626px) 100vw, 626px\" \/>\t\t\t\t\t\t\t\t\t\t\t\t\t\t\t\n\t\t<p data-start=\"7790\" data-end=\"8175\">L\u2019histoire de <strong>Guillaume Qu\u00e9m\u00e9ner<\/strong> est loin d\u2019\u00eatre termin\u00e9e. Chaque jour, de <strong>nouvelles id\u00e9es<\/strong>, de<strong> nouvelles inspirations<\/strong> naissent dans son <strong>atelier<\/strong>.<\/p>\n<p data-start=\"7790\" data-end=\"8175\">L\u2019<strong>upcycling<\/strong> et la <strong>m\u00e9canique<\/strong> sont pour lui des terrains d\u2019exp\u00e9rimentation, des invitations \u00e0 explorer des mat\u00e9riaux et des formes qui d\u00e9fient les conventions.<\/p>\n<p data-start=\"7790\" data-end=\"8175\">Ses<strong> luminaires<\/strong> continuent de se r\u00e9inventer, au gr\u00e9 des d\u00e9couvertes et des voyages.<\/p>\n<p data-start=\"8177\" data-end=\"8587\">Chez <strong>Skedin<\/strong>, chaque <strong>lampe<\/strong> est une promesse : celle d\u2019une <strong>lumi\u00e8re unique<\/strong>, d\u2019un <strong>design intemporel<\/strong> et d\u2019un <strong>respect absolu pour l\u2019environnement<\/strong>.<\/p>\n<p data-start=\"8177\" data-end=\"8587\">Que vous soyez un passionn\u00e9 de <strong>m\u00e9canique<\/strong>, un <strong>amateur de design vintage<\/strong>, ou simplement quelqu&rsquo;un en qu\u00eate d\u2019un <strong>luminaire original et durable<\/strong>, vous trouverez dans l&rsquo;univers de <strong>Guillaume Qu\u00e9m\u00e9ner<\/strong> l&rsquo;objet qui illuminera votre quotidien d\u2019une mani\u00e8re totalement r\u00e9volutionnaire.<\/p>","protected":false},"excerpt":{"rendered":"<p>Guillaume Qu\u00e9m\u00e9ner : le magicien de la m\u00e9canique et de la lumi\u00e8re Loin [&hellip;]<\/p>\n","protected":false},"author":1,"featured_media":0,"parent":0,"menu_order":0,"comment_status":"closed","ping_status":"closed","template":"","meta":{"footnotes":""},"class_list":["post-48","page","type-page","status-publish","hentry"],"_links":{"self":[{"href":"https:\/\/skedin.fr\/index.php\/wp-json\/wp\/v2\/pages\/48","targetHints":{"allow":["GET"]}}],"collection":[{"href":"https:\/\/skedin.fr\/index.php\/wp-json\/wp\/v2\/pages"}],"about":[{"href":"https:\/\/skedin.fr\/index.php\/wp-json\/wp\/v2\/types\/page"}],"author":[{"embeddable":true,"href":"https:\/\/skedin.fr\/index.php\/wp-json\/wp\/v2\/users\/1"}],"replies":[{"embeddable":true,"href":"https:\/\/skedin.fr\/index.php\/wp-json\/wp\/v2\/comments?post=48"}],"version-history":[{"count":0,"href":"https:\/\/skedin.fr\/index.php\/wp-json\/wp\/v2\/pages\/48\/revisions"}],"wp:attachment":[{"href":"https:\/\/skedin.fr\/index.php\/wp-json\/wp\/v2\/media?parent=48"}],"curies":[{"name":"wp","href":"https:\/\/api.w.org\/{rel}","templated":true}]}}